{"id":3445,"date":"2023-11-20T11:18:15","date_gmt":"2023-11-20T10:18:15","guid":{"rendered":"https:\/\/www.ualc.fr\/pie-de-imprenta\/"},"modified":"2023-12-04T13:23:14","modified_gmt":"2023-12-04T12:23:14","slug":"pie-de-imprenta","status":"publish","type":"page","link":"https:\/\/www.ualc.fr\/es\/pie-de-imprenta\/","title":{"rendered":"Pie de imprenta"},"content":{"rendered":"\n<!-- Legal document generated by Complianz | GDPR\/CCPA Cookie Consent https:\/\/wordpress.org\/plugins\/complianz-gdpr -->\n<div id=\"cmplz-document\" class=\"cmplz-document impressum cmplz-document-all\"><p><i>This imprint was last updated on 30 noviembre 2023.<\/i><\/p><p class=\"cmplz-subtitle\">The owner of this website is:<\/p><p>Union Coop Eleveurs U.A.L.C union de soci\u00e9t\u00e9s coop\u00e9ratives agricoles<br>LE FOIRAIL, 19460 NAVES<br>France<br>Email:&nbsp;<span class=\"cmplz-obfuscate\">r&#x66;&#x2e;cla&#117;&#x40;t&#x63;atnoc<\/span><br>Phone number: 0471462600<br><br>VAT ID:&nbsp;FR32777946344<\/p><p class=\"cmplz-subtitle\">The legal representative(s) of Union Coop Eleveurs U.A.L.C union de soci\u00e9t\u00e9s coop\u00e9ratives agricoles:<\/p><p>Guy CALMEJANE<\/p><h2>1. General<\/h2><p class=\"cmplz-subtitle\">1.1 We are registered at BRIVE under the license or registration number:<\/p><p>D 777 946 344<\/p><p>We are not willing or obliged to participate in dispute resolution procedures before a consumer arbitration board.<\/p><h2>2. The following information is mandatory according to German law.<\/h2><\/div>","protected":false},"excerpt":{"rendered":"","protected":false},"author":1,"featured_media":0,"parent":0,"menu_order":0,"comment_status":"closed","ping_status":"closed","template":"","meta":{"iawp_total_views":2,"footnotes":""},"class_list":["post-3445","page","type-page","status-publish","hentry"],"_links":{"self":[{"href":"https:\/\/www.ualc.fr\/es\/wp-json\/wp\/v2\/pages\/3445"}],"collection":[{"href":"https:\/\/www.ualc.fr\/es\/wp-json\/wp\/v2\/pages"}],"about":[{"href":"https:\/\/www.ualc.fr\/es\/wp-json\/wp\/v2\/types\/page"}],"author":[{"embeddable":true,"href":"https:\/\/www.ualc.fr\/es\/wp-json\/wp\/v2\/users\/1"}],"replies":[{"embeddable":true,"href":"https:\/\/www.ualc.fr\/es\/wp-json\/wp\/v2\/comments?post=3445"}],"version-history":[{"count":0,"href":"https:\/\/www.ualc.fr\/es\/wp-json\/wp\/v2\/pages\/3445\/revisions"}],"wp:attachment":[{"href":"https:\/\/www.ualc.fr\/es\/wp-json\/wp\/v2\/media?parent=3445"}],"curies":[{"name":"wp","href":"https:\/\/api.w.org\/{rel}","templated":true}]}}