{"id":2997,"date":"2023-11-26T05:17:35","date_gmt":"2023-11-26T04:17:35","guid":{"rendered":"https:\/\/www.ualc.fr\/estacion-de-toros-de-moussours\/"},"modified":"2024-07-25T12:16:19","modified_gmt":"2024-07-25T10:16:19","slug":"estacion-de-toros-de-moussours","status":"publish","type":"page","link":"https:\/\/www.ualc.fr\/es\/estacion-de-toros-de-moussours\/","title":{"rendered":"Estaci\u00f3n de toros de Moussours"},"content":{"rendered":"<p><div class=\"fusion-fullwidth fullwidth-box fusion-builder-row-1 fusion-flex-container has-pattern-background has-mask-background nonhundred-percent-fullwidth non-hundred-percent-height-scrolling\" style=\"--awb-border-radius-top-left:0px;--awb-border-radius-top-right:0px;--awb-border-radius-bottom-right:0px;--awb-border-radius-bottom-left:0px;--awb-flex-wrap:wrap;\" ><div class=\"fusion-builder-row fusion-row fusion-flex-align-items-flex-start fusion-flex-content-wrap\" style=\"max-width:calc( 1200px + 80px );margin-left: calc(-80px \/ 2 );margin-right: calc(-80px \/ 2 );\"><div class=\"fusion-layout-column fusion_builder_column fusion-builder-column-0 fusion_builder_column_1_1 1_1 fusion-flex-column\" style=\"--awb-bg-size:cover;--awb-width-large:100%;--awb-margin-top-large:0px;--awb-spacing-right-large:40px;--awb-margin-bottom-large:20px;--awb-spacing-left-large:40px;--awb-width-medium:100%;--awb-order-medium:0;--awb-spacing-right-medium:40px;--awb-spacing-left-medium:40px;--awb-width-small:100%;--awb-order-small:0;--awb-spacing-right-small:40px;--awb-spacing-left-small:40px;\"><div class=\"fusion-column-wrapper fusion-column-has-shadow fusion-flex-justify-content-flex-start fusion-content-layout-column\"><div class=\"fusion-title title fusion-title-1 fusion-sep-none fusion-title-text fusion-title-size-three\"><h3 class=\"fusion-title-heading title-heading-left\" style=\"margin:0;text-transform:none;\">Descubra los 8 toros seleccionados para la Prueba de Cualidades Maternas &#8211; \u00a1Participaci\u00f3n Abierta!<\/h3><\/div><div class=\"fusion-text fusion-text-1 awb-text-cols fusion-text-columns-2\" style=\"--awb-content-alignment:justify;--awb-columns:2;--awb-column-spacing:2em;--awb-column-min-width:200px;--awb-rule-style:1px solid var(--awb-color3);\"><p>Estamos encantados de anunciar que la selecci\u00f3n de 8 toros de prueba para las Cualidades Maternas ya est\u00e1 abierta para sus vacas Limousin. Es una oportunidad \u00fanica en la vida que se extiende desde hoy hasta el 15 de marzo de 2024, y est\u00e1 invitado a participar independientemente de su afiliaci\u00f3n, ya sea a \u00c9tat Civil, Bovins Croissance o Inscrit. <strong>\u00bfPor qu\u00e9 participar?<\/strong>  Participar en las pruebas de progenie es un paso crucial para mejorar y mantener la calidad gen\u00e9tica de su reba\u00f1o. Esto no s\u00f3lo le permitir\u00e1 mejorar el rendimiento futuro de su explotaci\u00f3n, sino que tambi\u00e9n contribuir\u00e1 a la riqueza gen\u00e9tica de la raza Limus\u00edn. <strong>\u00bfC\u00f3mo puede participar?<\/strong>  As\u00ed de sencillo. Si est\u00e1 interesado en la oportunidad de mejorar la gen\u00e9tica de su reba\u00f1o, p\u00f3ngase en contacto con su inseminador. Te proporcionar\u00e1 toda la informaci\u00f3n que necesitas y te guiar\u00e1 a trav\u00e9s de los procedimientos de preparaci\u00f3n. <strong>Presentaci\u00f3n de los<\/strong> toros Para ayudarte a hacer tu elecci\u00f3n, hemos preparado v\u00eddeos de presentaci\u00f3n detallados para cada uno de los 8 toros seleccionados: <\/p>\n<ul>\n<li><strong>RLINK<\/strong><\/li>\n<li><strong>REIWA<\/strong><\/li>\n<li><strong>SAMPOLO<\/strong><\/li>\n<li><strong>SANTINI<\/strong><\/li>\n<li><strong>SERILLON<\/strong><\/li>\n<li><strong>SILIMBA<\/strong><\/li>\n<li><strong>SOLAR<\/strong><\/li>\n<li><strong>ESTULFAS<\/strong><\/li>\n<\/ul>\n<p><a href=\"https:\/\/www.ualc.fr\/evenements\/\"><strong>Desc\u00fabrelo ahora<\/strong><\/a> Las pruebas son un proceso esencial para garantizar la sostenibilidad y competitividad de tu explotaci\u00f3n. Aproveche esta oportunidad para avanzar en su cr\u00eda con sementales de primera calidad. Para m\u00e1s informaci\u00f3n, <a href=\"https:\/\/www.ualc.fr\/evenement\/crealim-lance-un-programme-exclusif-de-selection-genetique-de-bovins-limousins-pour-2023-2024\/\">ponte en contacto con nosotros o habla directamente con tu inseminador<\/a>. Esperamos trabajar contigo en tu viaje hacia la excelencia en gen\u00e9tica bovina.<\/p>\n<\/div><\/div><\/div><div class=\"fusion-layout-column fusion_builder_column fusion-builder-column-1 fusion_builder_column_1_2 1_2 fusion-flex-column\" style=\"--awb-bg-size:cover;--awb-width-large:50%;--awb-margin-top-large:0px;--awb-spacing-right-large:40px;--awb-margin-bottom-large:20px;--awb-spacing-left-large:40px;--awb-width-medium:50%;--awb-order-medium:0;--awb-spacing-right-medium:40px;--awb-spacing-left-medium:40px;--awb-width-small:100%;--awb-order-small:0;--awb-spacing-right-small:40px;--awb-spacing-left-small:40px;\"><div class=\"fusion-column-wrapper fusion-column-has-shadow fusion-flex-justify-content-flex-start fusion-content-layout-column\"><div class=\"fusion-video fusion-selfhosted-video\" style=\"align-self:center;margin-top:10px;margin-bottom:10px;max-width:100%;\"><div class=\"video-wrapper\" style=\"box-shadow:5px 5px 4px 0px #3a3a3a;;\"><video playsinline=\"true\" width=\"100%\" style=\"object-fit: cover;\" muted=\"true\" loop=\"true\" poster=\"https:\/\/www.ualc.fr\/wp-content\/uploads\/2023\/11\/STULPHAS-300x149.jpg\" preload=\"auto\" controls=\"1\"><source src=\"https:\/\/www.ualc.fr\/wp-content\/uploads\/2023\/11\/STULPHAS.mp4\" type=\"video\/mp4\">Sorry, your browser doesn&#039;t support embedded videos.<\/video><\/div><\/div><div class=\"fusion-text fusion-text-2 fusion-text-no-margin\" style=\"--awb-font-size:14px;--awb-text-transform:none;--awb-margin-top:10px;--awb-margin-right:10px;--awb-margin-bottom:10px;--awb-margin-left:10px;\"><p><strong>STULPHAS <\/strong>: Una raza mixta muy atractiva con mucho potencial de crecimiento, el STULPHAS se adapta mejor a las vacas. Con su buena apertura p\u00e9lvica medida durante su evaluaci\u00f3n en la Estaci\u00f3n de Pruebas Individuales (2022-2023) y su alt\u00edsimo potencial lechero predicho por la gen\u00f3mica, esperamos que STULPHAS transmita sus excelentes cualidades maternas a sus hijas.<\/p>\n<\/div><div class=\"fusion-video fusion-selfhosted-video\" style=\"align-self:center;margin-top:10px;margin-bottom:10px;max-width:100%;\"><div class=\"video-wrapper\" style=\"box-shadow:5px 5px 4px 0px #3a3a3a;;\"><video playsinline=\"true\" width=\"100%\" style=\"object-fit: cover;\" muted=\"true\" loop=\"true\" poster=\"https:\/\/www.ualc.fr\/wp-content\/uploads\/2023\/11\/SILIMBA-300x144.jpg\" preload=\"auto\" controls=\"1\"><source src=\"https:\/\/www.ualc.fr\/wp-content\/uploads\/2023\/11\/SILIMBA.mp4\" type=\"video\/mp4\">Sorry, your browser doesn&#039;t support embedded videos.<\/video><\/div><\/div><div class=\"fusion-text fusion-text-3 fusion-text-no-margin\" style=\"--awb-font-size:14px;--awb-text-transform:none;--awb-margin-top:10px;--awb-margin-right:10px;--awb-margin-bottom:10px;--awb-margin-left:10px;\"><p><strong>SILIMBA : <\/strong>Toro joven de raza mixta con crecimiento, buena rectitud y muy buenas patas. Hijo del famoso toro EDAKKYA, famoso por su excelente fertilidad, esperamos que SILIMBA transmita este rasgo esencial a sus hijas.<\/p>\n<\/div><div class=\"fusion-video fusion-selfhosted-video\" style=\"align-self:center;margin-top:10px;margin-bottom:10px;max-width:100%;\"><div class=\"video-wrapper\" style=\"box-shadow:5px 5px 4px 0px #3a3a3a;;\"><video playsinline=\"true\" width=\"100%\" style=\"object-fit: cover;\" muted=\"true\" loop=\"true\" poster=\"https:\/\/www.ualc.fr\/wp-content\/uploads\/2023\/11\/SANTINI-300x146.jpg\" preload=\"auto\" controls=\"1\"><source src=\"https:\/\/www.ualc.fr\/wp-content\/uploads\/2023\/11\/SANTINI.mp4\" type=\"video\/mp4\">Sorry, your browser doesn&#039;t support embedded videos.<\/video><\/div><\/div><div class=\"fusion-text fusion-text-4 fusion-text-no-margin\" style=\"--awb-font-size:14px;--awb-text-transform:none;--awb-margin-top:10px;--awb-margin-right:10px;--awb-margin-bottom:10px;--awb-margin-left:10px;\"><p><strong>SANTINI: <\/strong>Este joven semental mixto con un pedigr\u00ed original tiene una bonita pelvis y una buena l\u00ednea superior. Obtuvo muy buenos resultados en el criterio de eficiencia alimentaria en la Estaci\u00f3n de Control Individual.<\/p>\n<\/div><div class=\"fusion-video fusion-selfhosted-video\" style=\"align-self:center;margin-top:10px;margin-bottom:10px;max-width:100%;\"><div class=\"video-wrapper\" style=\"box-shadow:5px 5px 4px 0px #3a3a3a;;\"><video playsinline=\"true\" width=\"100%\" style=\"object-fit: cover;\" muted=\"true\" loop=\"true\" poster=\"https:\/\/www.ualc.fr\/wp-content\/uploads\/2023\/11\/RLINK-300x145.jpg\" preload=\"auto\" controls=\"1\"><source src=\"https:\/\/www.ualc.fr\/wp-content\/uploads\/2023\/11\/RLINK.mp4\" type=\"video\/mp4\">Sorry, your browser doesn&#039;t support embedded videos.<\/video><\/div><\/div><div class=\"fusion-text fusion-text-5 fusion-text-no-margin\" style=\"--awb-font-size:14px;--awb-text-transform:none;--awb-margin-top:10px;--awb-margin-right:10px;--awb-margin-bottom:10px;--awb-margin-left:10px;\"><p><strong>REIWA :<\/strong>Medio hermano del toro POUCHKINE, cuyas hijas est\u00e1n actualmente en fase de cr\u00eda en la Estaci\u00f3n de Moussours, REIWA se diferencia de su medio hermano por su estilo m\u00e1s mixto marcado por una excelente rectitud y mucha finura.<\/p>\n<\/div><\/div><\/div><div class=\"fusion-layout-column fusion_builder_column fusion-builder-column-2 fusion_builder_column_1_2 1_2 fusion-flex-column\" style=\"--awb-bg-size:cover;--awb-width-large:50%;--awb-margin-top-large:0px;--awb-spacing-right-large:40px;--awb-margin-bottom-large:20px;--awb-spacing-left-large:40px;--awb-width-medium:50%;--awb-order-medium:0;--awb-spacing-right-medium:40px;--awb-spacing-left-medium:40px;--awb-width-small:100%;--awb-order-small:0;--awb-spacing-right-small:40px;--awb-spacing-left-small:40px;\"><div class=\"fusion-column-wrapper fusion-column-has-shadow fusion-flex-justify-content-flex-start fusion-content-layout-column\"><div class=\"fusion-video fusion-selfhosted-video\" style=\"align-self:center;margin-top:10px;margin-bottom:10px;max-width:100%;\"><div class=\"video-wrapper\" style=\"box-shadow:5px 5px 4px 0px #3a3a3a;;\"><video playsinline=\"true\" width=\"100%\" style=\"object-fit: cover;\" muted=\"true\" loop=\"true\" poster=\"https:\/\/www.ualc.fr\/wp-content\/uploads\/2023\/11\/SOLAIRE-300x144.jpg\" preload=\"auto\" controls=\"1\"><source src=\"https:\/\/www.ualc.fr\/wp-content\/uploads\/2023\/11\/SOLAIRE.mp4\" type=\"video\/mp4\">Sorry, your browser doesn&#039;t support embedded videos.<\/video><\/div><\/div><div class=\"fusion-text fusion-text-6 fusion-text-no-margin\" style=\"--awb-font-size:14px;--awb-text-transform:none;--awb-margin-top:10px;--awb-margin-right:10px;--awb-margin-bottom:10px;--awb-margin-left:10px;\"><p><strong>SOLAIRE :<\/strong> Previsto como un toro de nacimiento f\u00e1cil con un potencial lechero muy fuerte, este hijo de ENGY de una madre de EREBOS, con una muy buena apertura p\u00e9lvica medida en la Estaci\u00f3n de Control Individual, es un excelente candidato para la prueba de Cualidades Maternas en Moussours.<\/p>\n<\/div><div class=\"fusion-video fusion-selfhosted-video\" style=\"align-self:center;margin-top:10px;margin-bottom:10px;max-width:100%;\"><div class=\"video-wrapper\" style=\"box-shadow:5px 5px 4px 0px #3a3a3a;;\"><video playsinline=\"true\" width=\"100%\" style=\"object-fit: cover;\" muted=\"true\" loop=\"true\" poster=\"https:\/\/www.ualc.fr\/wp-content\/uploads\/2023\/11\/SERILLON-300x144.jpg\" preload=\"auto\" controls=\"1\"><source src=\"https:\/\/www.ualc.fr\/wp-content\/uploads\/2023\/11\/SERILLON.mp4\" type=\"video\/mp4\">Sorry, your browser doesn&#039;t support embedded videos.<\/video><\/div><\/div><div class=\"fusion-text fusion-text-7 fusion-text-no-margin\" style=\"--awb-font-size:14px;--awb-text-transform:none;--awb-margin-top:10px;--awb-margin-right:10px;--awb-margin-bottom:10px;--awb-margin-left:10px;\"><p><strong>SERILLON<\/strong>:Muy buena mezcla carnosa que no s\u00f3lo tiene un bonito cuarto trasero regular, sino tambi\u00e9n una abertura p\u00e9lvica abierta. Resulta especialmente interesante por su capacidad para combinar la eficacia alimentaria y el potencial de crecimiento en la Estaci\u00f3n de Control Individual. Al igual que su padre JT, esperamos encontrar en \u00e9l buenas cualidades maternas, concretamente capacidad para parir hijas y producci\u00f3n de leche.<\/p>\n<\/div><div class=\"fusion-video fusion-selfhosted-video\" style=\"align-self:center;margin-top:10px;margin-bottom:10px;max-width:100%;\"><div class=\"video-wrapper\" style=\"box-shadow:5px 5px 4px 0px #3a3a3a;;\"><video playsinline=\"true\" width=\"100%\" style=\"object-fit: cover;\" muted=\"true\" loop=\"true\" poster=\"https:\/\/www.ualc.fr\/wp-content\/uploads\/2023\/11\/SAMPOLO-300x145.jpg\" preload=\"auto\" controls=\"1\"><source src=\"https:\/\/www.ualc.fr\/wp-content\/uploads\/2023\/11\/SAMPOLO.mp4\" type=\"video\/mp4\">Sorry, your browser doesn&#039;t support embedded videos.<\/video><\/div><\/div><div class=\"fusion-text fusion-text-8 fusion-text-no-margin\" style=\"--awb-font-size:14px;--awb-text-transform:none;--awb-margin-top:10px;--awb-margin-right:10px;--awb-margin-bottom:10px;--awb-margin-left:10px;\"><p><strong>SAMPOLO: <\/strong>Hijo del famoso toro JURANCON, SAMPOLO destac\u00f3 en el Puesto de Inspecci\u00f3n Individual por sus cualidades morfol\u00f3gicas: una mezcla bien equilibrada con mucha longitud y finura, as\u00ed como una muy buena abertura p\u00e9lvica. Pero tambi\u00e9n ha convencido en su producci\u00f3n con una muy buena eficiencia alimentaria y un muy buen crecimiento en los controles.<\/p>\n<\/div><div class=\"fusion-video fusion-selfhosted-video\" style=\"align-self:center;margin-top:10px;margin-bottom:10px;max-width:100%;\"><div class=\"video-wrapper\" style=\"box-shadow:5px 5px 4px 0px #3a3a3a;;\"><video playsinline=\"true\" width=\"100%\" style=\"object-fit: cover;\" muted=\"true\" loop=\"true\" poster=\"https:\/\/www.ualc.fr\/wp-content\/uploads\/2023\/11\/REIWA-300x149.jpg\" preload=\"auto\" controls=\"1\"><source src=\"https:\/\/www.ualc.fr\/wp-content\/uploads\/2023\/11\/REIWA.mp4\" type=\"video\/mp4\">Sorry, your browser doesn&#039;t support embedded videos.<\/video><\/div><\/div><div class=\"fusion-text fusion-text-9 fusion-text-no-margin\" style=\"--awb-font-size:14px;--awb-text-transform:none;--awb-margin-top:10px;--awb-margin-right:10px;--awb-margin-bottom:10px;--awb-margin-left:10px;\"><p><strong>RLINK : <\/strong>Toro joven con tipo de carne mixta y buena abertura p\u00e9lvica medida en la Estaci\u00f3n de Pruebas Individuales, hijo de una madre con 116 IVMAT.<\/p>\n<\/div><\/div><\/div><\/div><\/div><div class=\"fusion-fullwidth fullwidth-box fusion-builder-row-2 fusion-flex-container has-pattern-background has-mask-background nonhundred-percent-fullwidth non-hundred-percent-height-scrolling\" style=\"--awb-border-radius-top-left:0px;--awb-border-radius-top-right:0px;--awb-border-radius-bottom-right:0px;--awb-border-radius-bottom-left:0px;--awb-flex-wrap:wrap;\" ><div class=\"fusion-builder-row fusion-row fusion-flex-align-items-flex-start fusion-flex-content-wrap\" style=\"max-width:calc( 1200px + 80px );margin-left: calc(-80px \/ 2 );margin-right: calc(-80px \/ 2 );\"><div class=\"fusion-layout-column fusion_builder_column fusion-builder-column-3 fusion_builder_column_1_6 1_6 fusion-flex-column\" style=\"--awb-bg-size:cover;--awb-width-large:16.666666666667%;--awb-margin-top-large:0px;--awb-spacing-right-large:40px;--awb-margin-bottom-large:20px;--awb-spacing-left-large:40px;--awb-width-medium:16.666666666667%;--awb-order-medium:0;--awb-spacing-right-medium:40px;--awb-spacing-left-medium:40px;--awb-width-small:100%;--awb-order-small:0;--awb-spacing-right-small:40px;--awb-spacing-left-small:40px;\"><div class=\"fusion-column-wrapper fusion-column-has-shadow fusion-flex-justify-content-flex-start fusion-content-layout-column\"><\/div><\/div><div class=\"fusion-layout-column fusion_builder_column fusion-builder-column-4 fusion_builder_column_2_3 2_3 fusion-flex-column\" style=\"--awb-bg-size:cover;--awb-width-large:66.666666666667%;--awb-margin-top-large:0px;--awb-spacing-right-large:40px;--awb-margin-bottom-large:20px;--awb-spacing-left-large:40px;--awb-width-medium:66.666666666667%;--awb-order-medium:0;--awb-spacing-right-medium:40px;--awb-spacing-left-medium:40px;--awb-width-small:100%;--awb-order-small:0;--awb-spacing-right-small:40px;--awb-spacing-left-small:40px;\"><div class=\"fusion-column-wrapper fusion-column-has-shadow fusion-flex-justify-content-flex-start fusion-content-layout-column\"><div class=\"fusion-text fusion-text-10\" style=\"--awb-content-alignment:justify;--awb-font-size:14px;--awb-text-transform:none;\"><p>Cada uno de estos toros representa una oportunidad \u00fanica para los ganaderos de participar en la mejora de la raza Limus\u00edn, con la garant\u00eda de un semen de calidad y el apoyo de un programa de pruebas de progenie bien establecido.<\/p>\n<\/div><div style=\"text-align:center;\"><a class=\"fusion-button button-flat button-large button-default fusion-button-default button-1 fusion-button-span-yes fusion-button-default-type\" style=\"--button_text_transform:uppercase;\" target=\"_self\" data-hover=\"icon_slide\" title=\"Campa\u00f1a 2023-2024\" aria-label=\"Campa\u00f1a 2023-2024\" href=\"https:\/\/www.ualc.fr\/evenement\/crealim-lance-un-programme-exclusif-de-selection-genetique-de-bovins-limousins-pour-2023-2024\/\"><span class=\"fusion-button-text\">Descubra la \u00e9lite del Limousin: \u00a1Reserve su inseminaci\u00f3n!<\/span><i class=\"fa-arrow-alt-circle-right fas button-icon-right\" aria-hidden=\"true\"><\/i><\/a><\/div><\/div><\/div><div class=\"fusion-layout-column fusion_builder_column fusion-builder-column-5 fusion_builder_column_1_6 1_6 fusion-flex-column\" style=\"--awb-bg-size:cover;--awb-width-large:16.666666666667%;--awb-margin-top-large:0px;--awb-spacing-right-large:40px;--awb-margin-bottom-large:20px;--awb-spacing-left-large:40px;--awb-width-medium:16.666666666667%;--awb-order-medium:0;--awb-spacing-right-medium:40px;--awb-spacing-left-medium:40px;--awb-width-small:100%;--awb-order-small:0;--awb-spacing-right-small:40px;--awb-spacing-left-small:40px;\"><div class=\"fusion-column-wrapper fusion-column-has-shadow fusion-flex-justify-content-flex-start fusion-content-layout-column\"><\/div><\/div><\/div><\/div><\/p>\n","protected":false},"excerpt":{"rendered":"","protected":false},"author":1,"featured_media":4678,"parent":0,"menu_order":0,"comment_status":"closed","ping_status":"closed","template":"","meta":{"iawp_total_views":20,"footnotes":""},"class_list":["post-2997","page","type-page","status-publish","has-post-thumbnail","hentry"],"_links":{"self":[{"href":"https:\/\/www.ualc.fr\/es\/wp-json\/wp\/v2\/pages\/2997"}],"collection":[{"href":"https:\/\/www.ualc.fr\/es\/wp-json\/wp\/v2\/pages"}],"about":[{"href":"https:\/\/www.ualc.fr\/es\/wp-json\/wp\/v2\/types\/page"}],"author":[{"embeddable":true,"href":"https:\/\/www.ualc.fr\/es\/wp-json\/wp\/v2\/users\/1"}],"replies":[{"embeddable":true,"href":"https:\/\/www.ualc.fr\/es\/wp-json\/wp\/v2\/comments?post=2997"}],"version-history":[{"count":0,"href":"https:\/\/www.ualc.fr\/es\/wp-json\/wp\/v2\/pages\/2997\/revisions"}],"wp:featuredmedia":[{"embeddable":true,"href":"https:\/\/www.ualc.fr\/es\/wp-json\/wp\/v2\/media\/4678"}],"wp:attachment":[{"href":"https:\/\/www.ualc.fr\/es\/wp-json\/wp\/v2\/media?parent=2997"}],"curies":[{"name":"wp","href":"https:\/\/api.w.org\/{rel}","templated":true}]}}