{"id":3437,"date":"2023-11-20T11:18:15","date_gmt":"2023-11-20T10:18:15","guid":{"rendered":"https:\/\/www.ualc.fr\/privacy-statement-eu\/"},"modified":"2023-12-04T13:23:20","modified_gmt":"2023-12-04T12:23:20","slug":"privacy-statement-eu","status":"publish","type":"page","link":"https:\/\/www.ualc.fr\/en\/privacy-statement-eu\/","title":{"rendered":"Privacy statement (EU)"},"content":{"rendered":"\n<!-- Legal document generated by Complianz | GDPR\/CCPA Cookie Consent https:\/\/wordpress.org\/plugins\/complianz-gdpr -->\n<div id=\"cmplz-document\" class=\"cmplz-document privacy-statement cmplz-document-eu\"><p><i>This privacy statement was last updated on 30 November 2023 and applies to citizens and legal permanent residents of the European Economic Area and Switzerland.<\/i><br><\/p><p><p>In this privacy statement, we explain what we do with the data we obtain about you via <a href=\"https:\/\/www.ualc.fr\/en\/\">https:\/\/www.ualc.fr\/en\/<\/a>. We recommend you carefully read this statement. In our processing we comply with the requirements of privacy legislation. That means, among other things, that:<\/p><ul>\n                <li>we clearly state the purposes for which we process personal data. We do this by means of this privacy statement;<\/li>\n                <li>we aim to limit our collection of personal data to only the personal data required for legitimate purposes;<\/li>\n                <li>we first request your explicit consent to process your personal data in cases requiring your consent;<\/li>\n                <li>we take appropriate security measures to protect your personal data and also require this from parties that process personal data on our behalf;<\/li>\n                <li>we respect your right to access your personal data or have it corrected or deleted, at your request.<\/li>\n            <\/ul><p>If you have any questions, or want to know exactly what data we keep of you, please contact us.<\/p><\/p><h2>1. Purpose, data and retention period<\/h2>We may collect or receive personal information for a number of purposes connected with our business operations which may include the following: (click to expand)&nbsp;<details class=\"cmplz-dropdown dropdown-privacy-statement\"><summary><div><h3>1.1 Contact &#8211; Through phone, mail, email and\/or webforms<\/h3><\/div><\/summary><p class=\"cmplz-subtitle\">For this purpose we use the following data:<\/p><p><ul><li>Name, Address and City<\/li><li>Email address<\/li><li>Sex<\/li><li>IP Address<\/li><li>Telephone number<\/li><\/ul><\/p><p class=\"cmplz-subtitle\">The basis on which we may process these data is:<\/p><p><a target=\"_blank\" rel=\"noopener noreferrer nofollow\" href=\"https:\/\/cookiedatabase.org\/legal-bases\/#obligation\">For compliance with a legal or regulatory obligation.<\/a><\/p><p class=\"cmplz-subtitle\">Retention period<\/p><p>We retain this data until the service is terminated.<\/p><\/details><details class=\"cmplz-dropdown dropdown-privacy-statement\"><summary><div><h3>1.2 Registering an account<\/h3><\/div><\/summary><p class=\"cmplz-subtitle\">For this purpose we use the following data:<\/p><p><ul><li>Name, Address and City<\/li><li>Email address<\/li><li>Telephone number<\/li><\/ul><\/p><p class=\"cmplz-subtitle\">The basis on which we may process these data is:<\/p><p><a target=\"_blank\" rel=\"noopener noreferrer nofollow\" href=\"https:\/\/cookiedatabase.org\/legal-bases\/#obligation\">For compliance with a legal or regulatory obligation.<\/a><\/p><p class=\"cmplz-subtitle\">Retention period<\/p><p>We retain this data until the service is terminated.<\/p><\/details><details class=\"cmplz-dropdown dropdown-privacy-statement\"><summary><div><h3>1.3 To support services or products that a customer wants to buy or has purchased<\/h3><\/div><\/summary><p class=\"cmplz-subtitle\">For this purpose we use the following data:<\/p><p><ul><li>Name, Address and City<\/li><li>Email address<\/li><li>Location<\/li><li>Telephone number<\/li><\/ul><\/p><p class=\"cmplz-subtitle\">The basis on which we may process these data is:<\/p><p><a target=\"_blank\" rel=\"noopener noreferrer nofollow\" href=\"https:\/\/cookiedatabase.org\/legal-bases\/#obligation\">For compliance with a legal or regulatory obligation.<\/a><\/p><p class=\"cmplz-subtitle\">Retention period<\/p><p>We retain this data until the service is terminated.<\/p><\/details><details class=\"cmplz-dropdown dropdown-privacy-statement\"><summary><div><h3>1.4 To be able to comply with legal obligations<\/h3><\/div><\/summary><p class=\"cmplz-subtitle\">For this purpose we use the following data:<\/p><p><ul><li>Name, Address and City<\/li><li>Email address<\/li><li>Location<\/li><li>Telephone number<\/li><\/ul><\/p><p class=\"cmplz-subtitle\">The basis on which we may process these data is:<\/p><p><a target=\"_blank\" rel=\"noopener noreferrer nofollow\" href=\"https:\/\/cookiedatabase.org\/legal-bases\/#obligation\">For compliance with a legal or regulatory obligation.<\/a><\/p><p class=\"cmplz-subtitle\">Retention period<\/p><p>We retain this data until the service is terminated.<\/p><\/details><details class=\"cmplz-dropdown dropdown-privacy-statement\"><summary><div><h3>1.5 To be able to offer personalized products and services<\/h3><\/div><\/summary><p class=\"cmplz-subtitle\">For this purpose we use the following data:<\/p><p><ul><li>Name, Address and City<\/li><li>Email address<\/li><li>Location<\/li><li>Telephone number<\/li><\/ul><\/p><p class=\"cmplz-subtitle\">The basis on which we may process these data is:<\/p><p><a target=\"_blank\" rel=\"noopener noreferrer nofollow\" href=\"https:\/\/cookiedatabase.org\/legal-bases\/#obligation\">For compliance with a legal or regulatory obligation.<\/a><\/p><p class=\"cmplz-subtitle\">Retention period<\/p><p>We retain this data until the service is terminated.<\/p><\/details><h2>2. Cookies<\/h2><p>Our website uses cookies. For more information about cookies, please refer to our <a href=\"https:\/\/www.ualc.fr\/en\/cookie-policy-eu\/\">Cookie Policy<\/a>.&nbsp;<\/p><h2>3. Security<\/h2><p>We are committed to the security of personal data. We take appropriate security measures to limit abuse of and unauthorized access to personal data. This ensures that only the necessary persons have access to your data, that access to the data is protected, and that our security measures are regularly reviewed.<\/p><h2>4. Third-party websites<\/h2><p>This privacy statement does not apply to third-party websites connected by links on our website. We cannot guarantee that these third parties handle your personal data in a reliable or secure manner. We recommend you read the privacy statements of these websites prior to making use of these websites.<\/p><h2>5. Amendments to this privacy statement<\/h2><p>We reserve the right to make amendments to this privacy statement. It is recommended that you consult this privacy statement regularly in order to be aware of any changes. In addition, we will actively inform you wherever possible.<\/p><h2>6. Accessing and modifying your data<\/h2><p>If you have any questions or want to know which personal data we have about you, please contact us. You can contact us by using the information below. You have the following rights:<\/p><ul>\n                <li>You have the right to know why your personal data is needed, what will happen to it, and how long it will be retained for.<\/li>\n                <li>Right of access: You have the right to access your personal data that is known to us.<\/li>\n                <li>Right to rectification: you have the right to supplement, correct, have deleted or blocked your personal data whenever you wish.<\/li>\n                <li>If you give us your consent to process your data, you have the right to revoke that consent and to have your personal data deleted.<\/li>\n                <li>Right to transfer your data: you have the right to request all your personal data from the controller and transfer it in its entirety to another controller.<\/li>\n                <li>Right to object: you may object to the processing of your data. We comply with this, unless there are justified grounds for processing.<\/li>\n            <\/ul><p>Please make sure to always clearly state who you are, so that we can be certain that we do not modify or delete any data of the wrong person.<\/p><h2>7. Submitting a complaint<\/h2><p>If you are not satisfied with the way in which we handle (a complaint about) the processing of your personal data, you have the right to submit a complaint to the Data Protection Authority.<\/p><h2>8. Contact details<\/h2><p>Union Coop Eleveurs U.A.L.C<br>\n        LE FOIRAIL, 19460 NAVES<br>\n        France<br>\n        Website: <a href=\"https:\/\/www.ualc.fr\/en\/\">https:\/\/www.ualc.fr\/en\/<\/a> <br>\n        Email: <span class=\"cmplz-obfuscate\">r&#x66;&#046;clau&#064;tc&#x61;t&#x6e;o&#099;<\/span> <br>\n        Phone number: 0471462600<br><\/p><h2>Annex<\/h2><p><h3>Burst Statistics<\/h3>\r\nCe site web utilise Burst Statistics, un outil statistique respectueux de la confidentialit\u00e9, pour analyser le comportement des visiteurs. Pour cette fonctionnalit\u00e9, nous (ce site web) recueillons des donn\u00e9es anonymes, stock\u00e9es localement sans les partager avec d\u2019autres parties. Pour plus d\u2019informations, veuillez lire la <a href=\"https:\/\/burst-statistics.com\/legal\/privacy-statement\/\" target=\"_blank\" rel=\"noopener\"> D\u00e9claration de confidentialit\u00e9 <\/a> de Burst.\r\n<h3>Complianz | The Privacy Suite for WordPress<\/h3>\r\nCe site web utilise la Privacy Suite for WordPress de Complianz pour collecter les enregistrements de consentement.\u00a0Pour cette fonctionnalit\u00e9, votre adresse IP est rendue anonyme et stock\u00e9e dans notre base de donn\u00e9es.\u00a0Pour plus d\u2019informations, consultez la <a href=\"https:\/\/complianz.io\/privacy-statement\/\" target=\"_blank\" rel=\"noopener\">D\u00e9claration de confidentialit\u00e9<\/a> de Complianz.\r\n<h3>The Events Calendar<\/h3>\r\n<div class=\"tribe-events-privacy\">\r\n\r\nAvertissement : Cette information est uniquement \u00e0 des fins de guidance et ne doit pas \u00eatre consid\u00e9r\u00e9e comme un conseil juridique.\r\n\r\n<strong>Quelles donn\u00e9es personnelles collectons-nous et pourquoi<\/strong> Information d\u2019\u00e9v\u00e9nement, de lieu et d\u2019organisateur\r\n\r\n<strong>En utilisant The Events Calendar, Events Calendar PRO, The Events Calendar Filter Bar, Eventbrite Tickets, et les extensions Community Events, ainsi que notre service d&#8217;importation Event Aggregator (inclus dans l&#8217;extension The Events Calendar), des informations peuvent \u00eatre collect\u00e9es et stock\u00e9es dans la base de donn\u00e9es de votre site web.<\/strong>\r\n\r\nSi nous cr\u00e9ons, soumettons, importons, sauvegardons ou publions des informations sur un \u00e9v\u00e9nement, un lieu ou un organisateur, ces informations sont conserv\u00e9es dans la base de donn\u00e9es locale :\r\n\r\nInformations sur le lieu : nom, adresse, ville, pays, \u00e9tat, code postal, t\u00e9l\u00e9phone, site web, coordonn\u00e9es g\u00e9ographiques (latitude et longitude) Informations sur l\u2019organisateur : nom, n\u00b0 de t\u00e9l\u00e9phone, site web, adresse e-mail Informations sur l&#8217;\u00e9v\u00e9nement : site web, co\u00fbt, description, date, heure, image Importer des \u00e9v\u00e9nements, des lieux et des organisateurs : Toutes les donn\u00e9es pr\u00e9sentes dans un fichier CSV ou ICS et des URL externes (pour les \u00e9v\u00e9nements, les lieux, les organisateurs et les billets) Donn\u00e9es d&#8217;origine de l&#8217;importation (URL d&#8217;o\u00f9 les \u00e9v\u00e9nements sont import\u00e9s, comme Eventbrite, MeetUp, d&#8217;autres sources URL compatibles, etc., qui peuvent inclure des donn\u00e9es similaires ou identiques \u00e0 celles \u00e9num\u00e9r\u00e9es ci-dessus) Informations sur le billet Eventbrite : nom, description, co\u00fbt, type, quantit\u00e9\r\n\r\n<strong>Veuillez noter que pour cr\u00e9er de nouveaux \u00e9v\u00e9nements par le biais du formulaire de Community Events, un utilisateur ou une utilisatrice doit avoir un compte sur ce domaine. Ces informations sont conserv\u00e9es dans la base de donn\u00e9es locale. Il est \u00e9galement possible de cr\u00e9er des \u00e9v\u00e9nements de mani\u00e8re anonyme si le propri\u00e9taire du site a activ\u00e9 cette option.<\/strong>\r\n\r\nLors de l\u2019achat de billets Eventbrite, le participant, l\u2019acheteur et les informations de commande sont stock\u00e9s et g\u00e9r\u00e9s par Eventbrite.\r\n\r\n<strong>Cl\u00e9s API<\/strong>\r\n\r\nLa suite Events Calendar offre l\u2019utilisation de cl\u00e9s API tierces. Les fonctions principales sont d\u2019am\u00e9liorer les fonctionnalit\u00e9s que nous avons int\u00e9gr\u00e9es, dont certains utilisent Google Maps, PayPal, Eventbrite, Meetup, et Facebook. Ces cl\u00e9s API ne sont pas fournies par Modern Tribe.\r\n\r\nNous faisons usage de certaines cl\u00e9s API, afin de fournir des fonctionnalit\u00e9s sp\u00e9cifiques.\r\n\r\nCes API peuvent inclure les services tiers suivants : Google Maps (cl\u00e9 d\u2019API), Meetup (jeton OAuth), Paypal (e-mail, ID du client, Secret du client), Eventbrite (cl\u00e9 d\u2019API, URL d\u2019authentification, Secret du client) et Zoom (e-mail, ID du client, Secret du client).\r\n\r\n<strong>Combien de temps vous conservez ces donn\u00e9es<\/strong>\r\n\r\nToutes les informations (donn\u00e9es) sont conserv\u00e9es dans la base de donn\u00e9es locale ind\u00e9finiment, sauf si elles sont supprim\u00e9es autrement.\r\n\r\nCertaines donn\u00e9es peuvent \u00eatre export\u00e9es ou supprim\u00e9es sur les demandes des utilisateurs\/utilisatrices via l\u2019exportateur ou l\u2019effaceur existant. Veuillez noter cependant, que plusieurs cas particuliers existent pour lesquels nous sommes incapables de perfectionner la collecte et l\u2019exportation de toutes les donn\u00e9es pour vos comptes. Nous sugg\u00e9rons d\u2019ex\u00e9cuter une recherche dans votre base de donn\u00e9es locale, ainsi que dans le tableau de bord de WordPress, afin d\u2019identifier toutes les donn\u00e9es collect\u00e9es et stock\u00e9es pour vos demandes sp\u00e9cifiques.\r\n\r\n<strong>O\u00f9 nous envoyons vos donn\u00e9es<\/strong>\r\n\r\nThe Events Calendar n&#8217;envoie aucune donn\u00e9e d&#8217;utilisateur en dehors de votre site web par d\u00e9faut.\r\n\r\n<\/div><\/p><\/div>","protected":false},"excerpt":{"rendered":"","protected":false},"author":1,"featured_media":0,"parent":0,"menu_order":0,"comment_status":"closed","ping_status":"closed","template":"","meta":{"iawp_total_views":24,"footnotes":""},"class_list":["post-3437","page","type-page","status-publish","hentry"],"_links":{"self":[{"href":"https:\/\/www.ualc.fr\/en\/wp-json\/wp\/v2\/pages\/3437"}],"collection":[{"href":"https:\/\/www.ualc.fr\/en\/wp-json\/wp\/v2\/pages"}],"about":[{"href":"https:\/\/www.ualc.fr\/en\/wp-json\/wp\/v2\/types\/page"}],"author":[{"embeddable":true,"href":"https:\/\/www.ualc.fr\/en\/wp-json\/wp\/v2\/users\/1"}],"replies":[{"embeddable":true,"href":"https:\/\/www.ualc.fr\/en\/wp-json\/wp\/v2\/comments?post=3437"}],"version-history":[{"count":0,"href":"https:\/\/www.ualc.fr\/en\/wp-json\/wp\/v2\/pages\/3437\/revisions"}],"wp:attachment":[{"href":"https:\/\/www.ualc.fr\/en\/wp-json\/wp\/v2\/media?parent=3437"}],"curies":[{"name":"wp","href":"https:\/\/api.w.org\/{rel}","templated":true}]}}